{"id":16580,"date":"2020-02-14T16:03:05","date_gmt":"2020-02-14T16:03:05","guid":{"rendered":"https:\/\/www.schnitzen-beierfeld.de\/?page_id=16580"},"modified":"2020-02-14T16:05:37","modified_gmt":"2020-02-14T16:05:37","slug":"datenschutz","status":"publish","type":"page","link":"https:\/\/www.schnitzen-beierfeld.de\/index.php\/datenschutz\/","title":{"rendered":"Datenschutz"},"content":{"rendered":"<section  ><div class=\"container\"><div class=\"row\"><div class=\"wpb_column vc_column_container col-xs-mobile-fullwidth\"><div class=\"vc-column-innner-wrapper\"><h3 class=\"section-title \" style=\"color:#000000;\">Datenschutzerkl\u00e4rung - schnitzen-beierfeld.de<\/h3><\/div><\/div><div class=\"wpb_column vc_column_container col-xs-mobile-fullwidth\"><div class=\"vc-column-innner-wrapper\"><p>Im Folgenden informieren wir Sie \u00fcber die Erhebung personenbezogener Daten bei Nutzung unserer Website www.schnitzen-beierfeld.de. Personenbezogene Daten sind alle Daten, die auf Sie pers\u00f6nlich beziehbar sind, z.B. Name, Adresse, E-Mail-Adressen, Seitenaufrufe.<\/p>\n<p>\u00a7 1 VERANTWORTLICHER, DATENSCHUTZBEAUFTRAGTER, AUFTRAGSVERARBEITER<br \/>\n(1) F\u00fcr die Verarbeitung personenbezogener Daten gem. Art. 4 Ziff. 7 EU-Datenschutz-Grundverordnung (DSGVO) ist der Inhaber verantwortlich.<\/p>\n<p>(2) Teilweise bedienen wir uns zur Verarbeitung Ihrer Daten externer Dienstleister. Diese wurden von uns sorgf\u00e4ltig ausgew\u00e4hlt und beauftragt, sind an unsere Weisungen gebunden und werden regelm\u00e4\u00dfig kontrolliert.<\/p>\n<p>\u00a7 2 ERHEBUNG PERSONENBEZOGENER DATEN<br \/>\n(1) Beim Besuch unserer Website, wenn Sie uns nicht anderweitig Informationen \u00fcbermitteln, erheben wir nur die personenbezogenen Daten, die Ihr Browser an unseren Server \u00fcbermittelt. Diese Informationen werden tempor\u00e4r in einem sog. Logfile gespeichert. Folgende Informationen werden dabei ohne Ihr Zutun erfasst und bis zur automatisierten L\u00f6schung gespeichert:<\/p>\n<p>IP-Adresse<br \/>\nDatum und Uhrzeit der Anfrage<br \/>\nZeitzonendifferenz zur koordinierten Weltzeit (UTC)<br \/>\nvom Webbrowser \u00fcbermittelte Anforderung, bestehend aus Anforderungsmethode (z.B. GET), angeforderter Seite oder Ressource, Protokollversion (z.B. HTTP\/1.1)<br \/>\nZugriffsstatus\/HTTP-Statuscode (z.B. 404 f\u00fcr \u201eSeite nicht gefunden\u201c)<br \/>\njeweils \u00fcbertragene Datenmenge<br \/>\nSeite, von der aus die aktuell angezeigte Seite aufgerufen wurde bzw. die Ressource eingebunden wurde (sofern Ihr Webbrowser diese Information \u00fcbermittelt)<br \/>\nBrowserkennung, bestehend aus Name, Hersteller, Version und Sprache Ihrer Browsersoftware, sowie Betriebssystem und dessen Version (sofern Ihr Webbrowser diese Informationen \u00fcbermittelt)<\/p>\n<p>Die genannten Daten werden zu dem Zweck erhoben, Ihnen unsere Website anzuzeigen sowie Stabilit\u00e4t und Sicherheit zu gew\u00e4hrleisten. Rechtsgrundlage ist Art. 6 Abs. 1 Buchst. f DSGVO. Unser berechtigtes Interesse folgt aus dem erw\u00e4hnten Zweck der Datenerhebung.<\/p>\n<p>Au\u00dferdem setzen wir Cookies sowie Analysedienste ein. N\u00e4here Erl\u00e4uterungen dazu erhalten Sie unter \u00a7 4 und \u00a7 5 dieser Datenschutzerkl\u00e4rung. \u00dcber die Datenverarbeitung beim Einsatz von Social-Media-Anwendungen informieren wir in \u00a7 6 dieser Datenschutzerkl\u00e4rung.<\/p>\n<p>(2) Bei der Anmeldung f\u00fcr unseren Newsletter verwenden wir das sog. Double-opt-in-Verfahren. Das hei\u00dft, dass wir Ihnen nach Ihrer Anmeldung eine E-Mail an die angegebene E-Mail-Adresse senden, in welcher wir Sie um Best\u00e4tigung bitten, dass Sie den Versand des Newsletters w\u00fcnschen. Folgende Informationen werden dabei \u2013 Ihre Einwilligung vorausgesetzt \u2013 gespeichert:<\/p>\n<p>E-Mail-Adresse<br \/>\nName, Geschlecht (falls von Ihnen angegeben)<br \/>\nIP-Adresse<br \/>\nDatum und Uhrzeit Zeitpunkte der Anmeldung und Best\u00e4tigung<br \/>\nPflichtangabe f\u00fcr die \u00dcbersendung des Newsletters ist allein Ihre E-Mail-Adresse. Die Angabe weiterer, gesondert markierter Daten ist freiwillig und wird verwendet, um Sie pers\u00f6nlich ansprechen zu k\u00f6nnen.<\/p>\n<p>Die genannten Daten werden zu dem Zweck erhoben, Ihre Anmeldung nachzuweisen und Ihnen den Newsletters zusenden zu k\u00f6nnen. Rechtsgrundlage ist Art. 6 Abs. 1 Buchst. a DSGVO.<\/p>\n<p>Die Abmeldung ist jederzeit m\u00f6glich, zum Beispiel \u00fcber einen Link am Ende eines jeden Newsletters. Nach der Abmeldung werden die f\u00fcr den Versand des Newsletters erhobenen Daten gel\u00f6scht.<\/p>\n<p>Au\u00dferdem werten wir die Zugriffe auf unseren Newsletter aus. N\u00e4here Erl\u00e4uterungen dazu erhalten Sie unter \u00a7 5 Abs. 3 dieser Datenschutzerkl\u00e4rung.<\/p>\n<p>(3) Bei der Nutzung unseres Kontaktformulars werden folgende Informationen \u2013 Ihre Einwilligung vorausgesetzt \u2013 gespeichert:<\/p>\n<p>E-Mail-Adresse<br \/>\nName, Geschlecht (falls von Ihnen angegeben)<br \/>\nTelefonnummer (falls von Ihnen angegeben)<br \/>\nIP-Adresse<br \/>\nDatum und Uhrzeit Zeitpunkte der Anmeldung und Best\u00e4tigung<br \/>\nPflichtangabe f\u00fcr die Nutzung unseres Kontaktformulars ist allein Ihre E-Mail-Adresse. Die Angabe weiterer, gesondert markierter Daten ist freiwillig und wird verwendet, um Sie pers\u00f6nlich ansprechen zu k\u00f6nnen.<\/p>\n<p>Die genannten Daten werden zu dem Zweck erhoben, die Anfrage Ihnen zuzuordnen und diese zu beantworten. Rechtsgrundlage ist Art. 6 Abs. 1 Buchst. a DSGVO.<\/p>\n<p>Die f\u00fcr die Benutzung des Kontaktformulars von uns erhobenen Daten werden nach Erledigung der von Ihnen gestellten Anfrage gel\u00f6scht.<\/p>\n<p>(4) Falls wir f\u00fcr einzelne Funktionen unseres Angebots auf beauftragte Dienstleister zur\u00fcckgreifen, werden wir Sie untenstehend im Detail \u00fcber die jeweiligen Vorg\u00e4nge informieren. Dabei nennen wir auch die festgelegten Kriterien der Speicherdauer.<\/p>\n<p>\u00a7 3 WEITERGABE VON DATEN<br \/>\nEine \u00dcbermittlung personenbezogener Daten an Dritte zu anderen als den folgenden Zwecken findet nicht statt. Wir geben Ihre Daten nur an Dritte weiter, wenn:<\/p>\n<p>Sie gem\u00e4\u00df Art. 6 Abs. 1 Buchst. a DSGVO Ihre ausdr\u00fcckliche Einwilligung dazu erteilt haben,<br \/>\ndie Weitergabe gem\u00e4\u00df Art. 6 Abs. 1 Buchst. f DSGVO zur Geltendmachung, Aus\u00fcbung oder Verteidigung von Rechtsanspr\u00fcchen erforderlich ist und kein Grund zur Annahme besteht, dass Sie ein \u00fcberwiegendes schutzw\u00fcrdiges Interesse an der Nichtweitergabe Ihrer Daten haben,<br \/>\nfalls f\u00fcr die Weitergabe gem\u00e4\u00df Art. 6 Abs. 1 Buchst. c DSGVO eine gesetzliche Verpflichtung besteht.<br \/>\n\u00a7 4 COOKIES<br \/>\n(1) Zus\u00e4tzlich zu den in \u00a7 2 Abs 1 dieser Datenschutzerkl\u00e4rung genannten Daten werden bei Ihrer Nutzung unserer Website Cookies auf Ihrem Rechner gespeichert. Hierbei handelt es sich um kleine Dateien, die Ihr Browser automatisch erstellt und die auf Ihrem Endger\u00e4t (Laptop, Tablet, Smartphone o.\u00e4.) gespeichert werden, wenn Sie unsere Seite besuchen. In dem Cookie werden Informationen abgelegt, die sich jeweils im Zusammenhang mit dem spezifisch eingesetzten Endger\u00e4t ergeben. Dies bedeutet jedoch nicht, dass wir dadurch unmittelbar Kenntnis von Ihrer Identit\u00e4t erhalten. Cookies k\u00f6nnen zudem keine Programme ausf\u00fchren oder Viren auf Ihren Computer \u00fcbertragen. Sie dienen dazu, das Internetangebot insgesamt nutzerfreundlicher und effektiver zu machen.<\/p>\n<p>(2) Diese Website nutzt folgende Arten von Cookies:<\/p>\n<p>Transiente Cookies: Transiente Cookies werden automatisiert gel\u00f6scht, wenn Sie den Browser schlie\u00dfen. Dazu z\u00e4hlen insbesondere die Session-Cookies. Diese speichern eine sogenannte Session-ID, mit welcher sich verschiedene Anfragen Ihres Browsers der gemeinsamen Sitzung zuordnen lassen. Dadurch kann Ihr Rechner wiedererkannt werden, wenn Sie auf unsere Website zur\u00fcckkehren.<br \/>\nPersistente Cookies: Persistente Cookies werden automatisiert nach einer vorgegebenen Dauer gel\u00f6scht, die sich je nach Cookie unterscheiden kann. Derartige Cookies setzen wir ein, um die Nutzung unserer Website statistisch zu erfassen und um unser Angebot zu optimieren. Dabei erm\u00f6glichen uns die Cookies, bei einem erneuten Besuch unserer Seite automatisch zu erkennen, dass Sie bereits bei uns waren.<br \/>\nSie k\u00f6nnen Ihre Browser-Einstellung entsprechend Ihren W\u00fcnschen konfigurieren und z.?B. die Annahme von Third-Party-Cookies oder allen Cookies ablehnen. Wir weisen Sie darauf hin, dass Sie eventuell nicht alle Funktionen dieser Website nutzen k\u00f6nnen.<\/p>\n<p>Die durch Cookies verarbeiteten Daten sind f\u00fcr die genannten Zwecke zur Wahrung unserer berechtigten Interessen sowie der Dritter nach Art. 6 Abs. 1 Buchst. f DSGVO erforderlich.<\/p>\n<p>\u00a7 5 WEBANALYSE<br \/>\nDie Auswertung k\u00f6nnen Sie einstellen durch L\u00f6schung vorhandener Cookies und die Verhinderung der Speicherung von Cookies. Wenn Sie die Speicherung der Cookies verhindern, weisen wir darauf hin, dass Sie gegebenenfalls unsere Website nicht vollumf\u00e4nglich nutzen k\u00f6nnen. Die Verhinderung der Speicherung von Cookies ist durch die Einstellung in ihrem Browser m\u00f6glich.<br \/>\n\u00a7 6 SOCIAL MEDIA<br \/>\n(1) Einsatz von Social-Media-Plug-ins:<\/p>\n<p>Wir setzen derzeit folgende Social-Media-Plug-ins ein: Facebook, Twitter, Google+. Wir nutzen dabei die sog. Zwei-Klick-L\u00f6sung. Das hei\u00dft, wenn Sie unsere Seite besuchen, werden zun\u00e4chst grunds\u00e4tzlich keine personenbezogenen Daten an die Anbieter der Plug-ins weitergegeben. Den Anbieter des Plug-ins erkennen Sie \u00fcber das Logo auf dem jeweiligen Button. Wir er\u00f6ffnen Ihnen die M\u00f6glichkeit, \u00fcber den Button direkt mit dem Anbieter des Plug-ins zu kommunizieren. Nur wenn Sie auf das markierte Feld klicken und es dadurch aktivieren, erh\u00e4lt der Plug-in-Anbieter die Information, dass Sie die entsprechende Website unseres Online-Angebots aufgerufen haben. Zudem werden die unter \u00a7 2 Abs. 1 dieser Datenschutzerkl\u00e4rung genannten Daten \u00fcbermittelt. Durch die Aktivierung des Plug-ins werden also personenbezogene Daten von Ihnen an den jeweiligen Plug-in-Anbieter \u00fcbermittelt und dort (bei US-amerikanischen Anbietern in den USA) gespeichert (im Fall von Facebook wird nach Angabe des Anbieters in Deutschland die IP-Adresse sofort nach Erhebung anonymisiert). Da der Plug-in-Anbieter die Datenerhebung insbesondere \u00fcber Cookies vornimmt, empfehlen wir Ihnen, vor dem Klick auf den ausgegrauten Kasten \u00fcber die Sicherheitseinstellungen Ihres Browsers alle Cookies zu l\u00f6schen.<br \/>\nWir haben weder Einfluss auf die erhobenen Daten und Datenverarbeitungsvorg\u00e4nge, noch sind uns der volle Umfang der Datenerhebung, die Zwecke der Verarbeitung, die Speicherfristen bekannt. Auch zur L\u00f6schung der erhobenen Daten durch den Plug-in-Anbieter liegen uns keine Informationen vor.<br \/>\nDer Plug-in-Anbieter speichert die \u00fcber Sie erhobenen Daten als Nutzungsprofile und nutzt diese f\u00fcr Zwecke der Werbung, Marktforschung und\/oder bedarfsgerechten Gestaltung seiner Website. Eine solche Auswertung erfolgt insbesondere (auch f\u00fcr nicht eingeloggte Nutzer) zur Darstellung von bedarfsgerechter Werbung und um andere Nutzer des sozialen Netzwerks \u00fcber Ihre Aktivit\u00e4ten auf unserer Website zu informieren. Ihnen steht ein Widerspruchsrecht gegen die Bildung dieser Nutzerprofile zu, wobei Sie sich zur Aus\u00fcbung dessen an den jeweiligen Plug-in-Anbieter wenden m\u00fcssen. \u00dcber die Plug-ins bieten wir Ihnen die M\u00f6glichkeit, mit den sozialen Netzwerken und anderen Nutzern zu interagieren, so dass wir unser Angebot verbessern und f\u00fcr Sie als Nutzer interessanter ausgestalten k\u00f6nnen. Rechtsgrundlage f\u00fcr die Nutzung der Plug-ins ist Art. 6 Abs. 1 Buchst. f DSGVO.<br \/>\nDie Datenweitergabe erfolgt unabh\u00e4ngig davon, ob Sie ein Konto bei dem Plug-in-Anbieter besitzen und dort eingeloggt sind. Wenn Sie bei dem Plug-in-Anbieter eingeloggt sind, werden Ihre bei uns erhobenen Daten direkt Ihrem beim Plug-in-Anbieter bestehenden Konto zugeordnet. Wenn Sie den aktivierten Button bet\u00e4tigen und z. B. die Seite verlinken, speichert der Plug-in-Anbieter auch diese Information in Ihrem Nutzerkonto und teilt sie Ihren Kontakten \u00f6ffentlich mit. Wir empfehlen Ihnen, sich nach Nutzung eines sozialen Netzwerks regelm\u00e4\u00dfig auszuloggen, insbesondere jedoch vor Aktivierung des Buttons, da Sie so eine Zuordnung zu Ihrem Profil bei dem Plug-in-Anbieter vermeiden k\u00f6nnen.<br \/>\nWeitere Informationen zu Zweck und Umfang der Datenerhebung und ihrer Verarbeitung durch den Plug-in-Anbieter erhalten Sie in den im Folgenden mitgeteilten Datenschutzerkl\u00e4rungen dieser Anbieter. Dort erhalten Sie auch weitere Informationen zu Ihren diesbez\u00fcglichen Rechten und Einstellungsm\u00f6glichkeiten zum Schutze Ihrer Privatsph\u00e4re.<br \/>\nAdressen der jeweiligen Plug-in-Anbieter und URL mit deren Datenschutzhinweisen:<br \/>\nFacebook Inc., 1601 S California Ave, Palo Alto, California 94304, USA; http:\/\/www.facebook.com\/policy.php; weitere Informationen zur Datenerhebung: http:\/\/www.facebook.com\/help\/186325668085084, http:\/\/www.facebook.com\/about\/privacy\/your-info-on-other#applications sowie http:\/\/www.facebook.com\/about\/privacy\/your-info#everyoneinfo. Facebook hat sich dem EU-US-Privacy-Shield unterworfen, https:\/\/www.privacyshield.gov\/EU-US-Framework.<br \/>\nTwitter, Inc., 1355 Market St, Suite 900, San Francisco, California 94103, USA; https:\/\/twitter.com\/privacy. Twitter hat sich dem EU-US-Privacy-Shield unterworfen, https:\/\/www.privacyshield.gov\/EU-US-Framework.<br \/>\nGoogle Inc., 1600 Amphitheater Parkway, Mountainview, California 94043, USA; https:\/\/www.google.com\/policies\/privacy\/partners\/?hl=de. Google hat sich dem EU-US-Privacy-Shield unterworfen, https:\/\/www.privacyshield.gov\/EU-US-Framework.<br \/>\n(2) Einbindung von YouTube-Videos:<\/p>\n<p>Wir haben YouTube-Videos in unser Online-Angebot eingebunden, die auf http:\/\/www.YouTube.com gespeichert sind und von unserer Website aus direkt abspielbar sind.<br \/>\nDurch den Besuch auf der Website erh\u00e4lt YouTube die Information, dass Sie die entsprechende Unterseite unserer Website aufgerufen haben. Zudem werden die unter \u00a7 2 Abs. 1 dieser Datenschutzerkl\u00e4rung genannten Daten \u00fcbermittelt. Dies erfolgt unabh\u00e4ngig davon, ob YouTube ein Nutzerkonto bereitstellt, \u00fcber das Sie eingeloggt sind, oder ob kein Nutzerkonto besteht. Wenn Sie bei Google eingeloggt sind, werden Ihre Daten direkt Ihrem Konto zugeordnet. Wenn Sie die Zuordnung mit Ihrem Profil bei YouTube nicht w\u00fcnschen, m\u00fcssen Sie sich vor Aktivierung des Buttons ausloggen. YouTube speichert Ihre Daten als Nutzungsprofile und nutzt sie f\u00fcr Zwecke der Werbung, Marktforschung und\/oder bedarfsgerechten Gestaltung seiner Website. Eine solche Auswertung erfolgt insbesondere (selbst f\u00fcr nicht eingeloggte Nutzer) zur Erbringung von bedarfsgerechter Werbung und um andere Nutzer des sozialen Netzwerks \u00fcber Ihre Aktivit\u00e4ten auf unserer Website zu informieren. Ihnen steht ein Widerspruchsrecht zu gegen die Bildung dieser Nutzerprofile, wobei Sie sich zur Aus\u00fcbung dessen an YouTube richten m\u00fcssen.<br \/>\nWeitere Informationen zu Zweck und Umfang der Datenerhebung und ihrer Verarbeitung durch YouTube erhalten Sie in der Datenschutzerkl\u00e4rung. Dort erhalten Sie auch weitere Informationen zu Ihren Rechten und Einstellungsm\u00f6glichkeiten zum Schutze Ihrer Privatsph\u00e4re: https:\/\/www.google.de\/intl\/de\/policies\/privacy. Google verarbeitet Ihre personenbezogenen Daten auch in den USA und hat sich dem EU-US-Privacy-Shield unterworfen, https:\/\/www.privacyshield.gov\/EU-US-Framework.<br \/>\n(3) Einbindung von Google Maps:<\/p>\n<p>Auf dieser Webseite nutzen wir das Angebot von Google Maps. Dadurch k\u00f6nnen wir Ihnen interaktive Karten direkt in der Website anzeigen und erm\u00f6glichen Ihnen die komfortable Nutzung der Karten-Funktion.<br \/>\nDurch den Besuch auf der Website erh\u00e4lt Google die Information, dass Sie die entsprechende Unterseite unserer Website aufgerufen haben. Zudem werden die unter \u00a7 2 Abs. 1 dieser Datenschutzerkl\u00e4rung genannten Daten \u00fcbermittelt. Dies erfolgt unabh\u00e4ngig davon, ob Google ein Nutzerkonto bereitstellt, \u00fcber das Sie eingeloggt sind, oder ob kein Nutzerkonto besteht. Wenn Sie bei Google eingeloggt sind, werden Ihre Daten direkt Ihrem Konto zugeordnet. Wenn Sie die Zuordnung mit Ihrem Profil bei Google nicht w\u00fcnschen, m\u00fcssen Sie sich vor Aktivierung des Buttons ausloggen. Google speichert Ihre Daten als Nutzungsprofile und nutzt sie f\u00fcr Zwecke der Werbung, Marktforschung und\/oder bedarfsgerechten Gestaltung seiner Website. Eine solche Auswertung erfolgt insbesondere (selbst f\u00fcr nicht eingeloggte Nutzer) zur Erbringung von bedarfsgerechter Werbung und um andere Nutzer des sozialen Netzwerks \u00fcber Ihre Aktivit\u00e4ten auf unserer Website zu informieren. Ihnen steht ein Widerspruchsrecht zu gegen die Bildung dieser Nutzerprofile, wobei Sie sich zur Aus\u00fcbung dessen an Google richten m\u00fcssen.<br \/>\nWeitere Informationen zu Zweck und Umfang der Datenerhebung und ihrer Verarbeitung durch den Plug-in-Anbieter erhalten Sie in den Datenschutzerkl\u00e4rungen des Anbieters. Dort erhalten Sie auch weitere Informationen zu Ihren diesbez\u00fcglichen Rechten und Einstellungsm\u00f6glichkeiten zum Schutze Ihrer Privatsph\u00e4re: http:\/\/www.google.de\/intl\/de\/policies\/privacy. Google verarbeitet Ihre personenbezogenen Daten auch in den USA und hat sich dem EU-US Privacy Shield unterworfen, https:\/\/www.privacyshield.gov\/EU-US-Framework.<br \/>\n\u00a7 7 ZAHLUNGSDIENSTLEISTER<br \/>\nZur Abwicklung von Spenden nutzen wir das Angebot von Paypal. Spender werden zur Website von Paypal weitergeleitet, wo diese die erforderlichen personenbezogenen Daten direkt in ein von Paypal bereitgestelltes Eingabeformular eingeben. Weitere datenschutzrechtliche Informationen entnehmen Sie bitte der Datenschutzerkl\u00e4rung von PayPal: https:\/\/www.paypal.com\/de\/webapps\/mpp\/ua\/privacy-full<\/p>\n<p>\u00a7 8 BETROFFENENRECHTE<br \/>\n(1) Sie haben gegen\u00fcber uns folgende Rechte hinsichtlich der Sie betreffenden personenbezogenen Daten:<\/p>\n<p>Recht auf Auskunft (Art. 15 DSGVO)<br \/>\nRecht auf Berichtigung (Art. 16 DSGVO)<br \/>\nRecht auf L\u00f6schung (Art. 17 DSGVO)<br \/>\nRecht auf Einschr\u00e4nkung der Verarbeitung (Art. 18 DSGVO)<br \/>\nRecht auf Daten\u00fcbertragbarkeit (Art. 20 DSGVO)<br \/>\n(2) Sie haben zudem das Recht,<\/p>\n<p>Ihre einmal erteilte Einwilligung jederzeit gegen\u00fcber uns zu widerrufen (Art. 7 Abs. 3 DSGVO). Dies hat zur Folge, dass wir die Datenverarbeitung, die auf dieser Einwilligung beruhte, f\u00fcr die Zukunft nicht mehr fortf\u00fchren d\u00fcrfen, sowie<br \/>\nsich bei der zust\u00e4ndigen Aufsichtsbeh\u00f6rde zu beschweren (Art. 77 DSGVO). Zust\u00e4ndige Aufsichtsbeh\u00f6rde ist die Berliner Beauftragte f\u00fcr Datenschutz und Informationsfreiheit<br \/>\n\u00a7 9 WIDERSPRUCHSRECHT<br \/>\n(1) Soweit wir die Verarbeitung Ihrer personenbezogenen Daten auf die Wahrnehmung berechtigter Interessen st\u00fctzen (Art. 6 Abs. 1 Buchst. f DSGVO), k\u00f6nnen Sie Widerspruch gegen die Verarbeitung einlegen. Bei Aus\u00fcbung eines solchen Widerspruchs bitten wir um Darlegung der Gr\u00fcnde, weshalb wir Ihre personenbezogenen Daten nicht wie von uns durchgef\u00fchrt verarbeiten sollten. Im Falle Ihres begr\u00fcndeten Widerspruchs pr\u00fcfen wir die Sachlage und werden entweder die Datenverarbeitung einstellen bzw. anpassen oder Ihnen unsere zwingenden schutzw\u00fcrdigen Gr\u00fcnde aufzeigen, aufgrund derer wir die Verarbeitung fortf\u00fchren.<\/p>\n<p>(2) Selbstverst\u00e4ndlich k\u00f6nnen Sie der Verarbeitung Ihrer personenbezogenen Daten f\u00fcr Zwecke der Werbung und Datenanalyse jederzeit widersprechen.<\/p>\n<p>(3) \u00dcber Ihren Widerspruch k\u00f6nnen Sie uns unter folgenden Kontaktdaten informieren:<br \/>\ninfo@schnitzen-beierfeld.de<\/p>\n<p>\u00a7 10 AKTUALIT\u00c4T UND \u00c4NDERUNG DIESER DATENSCHUTZERKL\u00c4RUNG<br \/>\nDiese Datenschutzerkl\u00e4rung ist aktuell g\u00fcltig und hat den Stand Mai 2018.<\/p>\n<p>Durch die Weiterentwicklung unserer Website und unserer dar\u00fcber zur Verf\u00fcgung gestellten Angebote oder aufgrund ge\u00e4nderter gesetzlicher beziehungsweise beh\u00f6rdlicher Vorgaben kann es notwendig werden, diese Datenschutzerkl\u00e4rung zu \u00e4ndern.<\/p>\n<\/div><\/div><\/div><\/div><\/section>","protected":false},"excerpt":{"rendered":"<p>Datenschutzerkl\u00e4rung &#8211; schnitzen-beierfeld.deIm Folgenden informieren wir Sie \u00fcber die Erhebung personenbezogener Daten bei Nutzung unserer Website www.schnitzen-beierfeld.de. Personenbezogene Daten sind alle Daten, die auf Sie pers\u00f6nlich beziehbar sind, z.B. Name, Adresse, E-Mail-Adressen, Seitenaufrufe. \u00a7 1 VERANTWORTLICHER, DATENSCHUTZBEAUFTRAGTER, AUFTRAGSVERARBEITER (1) F\u00fcr die Verarbeitung personenbezogener Daten gem. Art. 4 Ziff. 7 EU-Datenschutz-Grundverordnung (DSGVO) ist der Inhaber verantwortlich. [&hellip;]<\/p>\n","protected":false},"author":1,"featured_media":0,"parent":0,"menu_order":0,"comment_status":"closed","ping_status":"closed","template":"","meta":[],"aioseo_notices":[],"_links":{"self":[{"href":"https:\/\/www.schnitzen-beierfeld.de\/index.php\/wp-json\/wp\/v2\/pages\/16580"}],"collection":[{"href":"https:\/\/www.schnitzen-beierfeld.de\/index.php\/wp-json\/wp\/v2\/pages"}],"about":[{"href":"https:\/\/www.schnitzen-beierfeld.de\/index.php\/wp-json\/wp\/v2\/types\/page"}],"author":[{"embeddable":true,"href":"https:\/\/www.schnitzen-beierfeld.de\/index.php\/wp-json\/wp\/v2\/users\/1"}],"replies":[{"embeddable":true,"href":"https:\/\/www.schnitzen-beierfeld.de\/index.php\/wp-json\/wp\/v2\/comments?post=16580"}],"version-history":[{"count":2,"href":"https:\/\/www.schnitzen-beierfeld.de\/index.php\/wp-json\/wp\/v2\/pages\/16580\/revisions"}],"predecessor-version":[{"id":16583,"href":"https:\/\/www.schnitzen-beierfeld.de\/index.php\/wp-json\/wp\/v2\/pages\/16580\/revisions\/16583"}],"wp:attachment":[{"href":"https:\/\/www.schnitzen-beierfeld.de\/index.php\/wp-json\/wp\/v2\/media?parent=16580"}],"curies":[{"name":"wp","href":"https:\/\/api.w.org\/{rel}","templated":true}]}}