{"id":16498,"date":"2020-02-03T21:27:40","date_gmt":"2020-02-03T21:27:40","guid":{"rendered":"https:\/\/www.schnitzen-beierfeld.de\/?page_id=16498"},"modified":"2024-03-05T19:26:22","modified_gmt":"2024-03-05T19:26:22","slug":"berg-und-schnitzverein-beierfeld","status":"publish","type":"page","link":"https:\/\/www.schnitzen-beierfeld.de\/","title":{"rendered":"Berg- und Schnitzverein Beierfeld"},"content":{"rendered":"<section id=\"start\" class=\" overflow-hidden\"  style=\" background-color:#636363; \"><div class=\"container\"><div class=\"row\"><div class=\"wpb_column vc_column_container col-lg-12 col-xs-mobile-fullwidth col-sm-12 text-center sm-text-center xs-text-center wow fadeIn\" style=\" margin: -30px 0px 0px 0px; background:#636363;\" data-wow-duration= 3000ms><div class=\"vc-column-innner-wrapper\"><img src=\"https:\/\/www.schnitzen-beierfeld.de\/wp-content\/uploads\/2020\/01\/Header-1.png\" width=\"940\" height=\"250\" class=\" xs-img-full\" alt=\"\"><\/div><\/div><\/div><\/div><\/section><section class=\" overflow-hidden\" ><div class=\"wpb_column vc_column_container hidden-md hidden-sm hidden-xs col-xs-mobile-fullwidth text-center sm-text-center xs-text-center sm-no-margin xs-no-margin wow fadeIn\" style=\" margin: -150px 0px 0px 0px;\" data-wow-duration= 3000ms><div class=\"vc-column-innner-wrapper\"><img src=\"https:\/\/www.schnitzen-beierfeld.de\/wp-content\/uploads\/2020\/02\/welle2.png\" width=\"1920\" height=\"200\" class=\" xs-img-full\" alt=\"\"><\/div><\/div><\/section><section class=\" wow fadeIn no-padding-bottom\" ><div class=\"container\"><div class=\"row\"><div class=\"wpb_column vc_column_container col-lg-8 col-md-8 col-xs-mobile-fullwidth col-sm-9 text-center center-col\" style=\" margin: -130px 0px 0px 0px;\"><div class=\"vc-column-innner-wrapper\"><span class=\"margin-five no-margin-top display-block letter-spacing-2\" >Seit 1930<\/span><h1>90 Jahre Berg- und Schnitzverein Beierfeld e. V.<\/h1><p class=\"text-med width-90 center-col margin-seven no-margin-bottom\">Die Holzschnitzerei hat eine lange Tradition im Erzgebirge.<br \/>\nUm diese zu pflegen und zu f\u00f6rdern gr\u00fcndeten 1930 f\u00fcnf junge M\u00e4nner<br \/>\nden Berg- und Schnitzverein.<\/p>\n<\/div><\/div><\/div><\/div><\/section><section class=\" wow fadeIn no-padding\" ><div class=\"container-fluid\"><div class=\"row\"><div class=\"wpb_column vc_column_container col-md-12 hidden-md hidden-sm col-xs-12 hidden-xs text-center padding-three-tb margin-five-top\" style=\" background:#636363;\"><div class=\"vc-column-innner-wrapper\"><div class=\"text-small text-uppercase font-weight-600 black-text letter-spacing-2\"><span style=\"color: #ffffff;\">Tradition\u00a0 \u00a0 \u00a0 \/\u00a0\u00a0\u00a0\u00a0\u00a0 Verein\u00a0 \u00a0 \u00a0 \/\u00a0\u00a0\u00a0\u00a0\u00a0 Schnitzen\u00a0 \u00a0 \u00a0 \/\u00a0\u00a0\u00a0\u00a0\u00a0 Holzkunst\u00a0 \u00a0 \u00a0\/\u00a0\u00a0\u00a0\u00a0\u00a0Miteinander<\/span><\/div>\n<\/div><\/div><\/div><\/div><\/section><section class=\" wow fadeIn no-padding\" ><div class=\"container-fluid\"><div class=\"row\"><div class=\"wpb_column vc_column_container hidden-lg col-md-12 col-xs-12 text-center padding-three-tb margin-five-top\" style=\" background:#636363;\"><div class=\"vc-column-innner-wrapper\"><div class=\"text-small text-uppercase font-weight-600 black-text letter-spacing-2\"><span style=\"color: #ffffff;\">| Tradition\u00a0| Verein\u00a0| Schnitzen\u00a0|\u00a0Holzkunst\u00a0|\u00a0Miteinander |<\/span><\/div>\n<\/div><\/div><\/div><\/div><\/section><section id=\"aktuelles\"  ><div class=\"container\"><div class=\"row\"><div class=\"wpb_column vc_column_container col-xs-mobile-fullwidth text-center\"><div class=\"vc-column-innner-wrapper\"><h3 class=\"section-title  black-text\" >Aktuelles<\/h3><\/div><\/div><div class=\"wpb_column vc_column_container col-lg-offset-2 col-lg-4 col-xs-mobile-fullwidth col-sm-4 text-center sm-text-center xs-text-center\"><div class=\"vc-column-innner-wrapper\"><p><strong>90 Jahre Schnitzverein Beierfeld e.V.<\/strong><\/p>\n<p>Im Jahr 2020 konnten wir auf unser stolzes Jubil\u00e4um zur\u00fcckblicken.<\/p>\n<p><img class=\"alignnone size-medium wp-image-16531\" src=\"https:\/\/www.schnitzen-beierfeld.de\/wp-content\/uploads\/2020\/02\/IMG-20200201-WA0002-300x225.jpg\" alt=\"\" width=\"300\" height=\"225\" \/><\/p>\n<\/div><\/div><div class=\"wpb_column vc_column_container col-lg-4 col-xs-mobile-fullwidth col-sm-4 text-center sm-text-center xs-text-center\"><div class=\"vc-column-innner-wrapper\"><p><strong>Tag der offenen T\u00fcr am 1. Advent<\/strong><\/p>\n<p>Am 1. Dezember 2024<br \/>\n13.00 \u2013 17.00 Uhr<\/p>\n<p>\u2013 Kl\u00f6ppelausstellung<br \/>\n\u2013 Exponate aus unsere Werkstatt<br \/>\n\u2013 Weihnachtsberg<br \/>\n\u2013 Kaffee und Gl\u00fchwein<br \/>\n\u2013 selbst gebackener Stollen<\/p>\n<p>Wir freuen uns auf Ihren Besuch!<\/p>\n<\/div><\/div><\/div><\/div><\/section><section class=\" no-padding-bottom\" ><div class=\"container-fluid\"><div class=\"row\"><div class=\"wpb_column vc_column_container col-xs-mobile-fullwidth text-center sm-no-margin xs-no-margin\" style=\" margin: -100px 0px 0px 0px;\"><div class=\"vc-column-innner-wrapper\"><h3 class=\"section-title  black-text no-padding\" >Vereinstreffen<\/h3><\/div><\/div><div class=\"wpb_column vc_column_container col-lg-8 col-md-5 col-xs-mobile-fullwidth col-sm-9 text-center center-col margin-two\"><div class=\"vc-column-innner-wrapper\"><p><strong>Schnitzen:<\/strong><br \/>\nJeden Donnerstag ab 18 Uhr Uhr treffen wir uns in unserem Vereinsheim.<br \/>\nG\u00e4ste sind in dieser Zeit immer herzlich willkommen.<\/p>\n<p><strong>Schnitzen f\u00fcr Kinder:<\/strong><br \/>\nJeden Donnerstag ab 17 Uhr<\/p>\n<p><strong>Tipp:<\/strong><br \/>\nAm ersten Adventswochenende jeden Jahres veranstalten wir von<br \/>\n14:00 bis 18:00 Uhr einen Tag der offenen T\u00fcr mit Gl\u00fchwein und selbstgebackenen Stollen.<\/p>\n<\/div><\/div><\/div><\/div><\/section><section id=\"gal\"  ><div class=\"container\"><div class=\"row\"><div class=\"wpb_column vc_column_container col-xs-mobile-fullwidth col-sm-12 sm-text-center xs-text-center\"><div class=\"vc-column-innner-wrapper\"><div class=\"blog-slider\"><div id=\"image-owl-slider\" class=\"owl-pagination-bottom owl-carousel owl-theme dot-pagination dark-pagination dark-navigation black-cursor\"><div class=\"item\"><a href=\"#\" target=\"_self\"><img alt=\"\" src=\"https:\/\/www.schnitzen-beierfeld.de\/wp-content\/uploads\/2020\/02\/20200214_141137.png\" width=\"221\" height=\"294\" ><\/a><\/div><div class=\"item\"><a href=\"#\" target=\"_self\"><img alt=\"\" src=\"https:\/\/www.schnitzen-beierfeld.de\/wp-content\/uploads\/2020\/02\/20200214_141125.png\" width=\"221\" height=\"294\" ><\/a><\/div><div class=\"item\"><a href=\"#\" target=\"_self\"><img alt=\"\" src=\"https:\/\/www.schnitzen-beierfeld.de\/wp-content\/uploads\/2020\/02\/20200214_141138.png\" width=\"221\" height=\"294\" ><\/a><\/div><div class=\"item\"><a href=\"#\" target=\"_self\"><img alt=\"\" src=\"https:\/\/www.schnitzen-beierfeld.de\/wp-content\/uploads\/2020\/02\/20200214_143638.png\" width=\"221\" height=\"294\" ><\/a><\/div><div class=\"item\"><a href=\"#\" target=\"_self\"><img alt=\"\" src=\"https:\/\/www.schnitzen-beierfeld.de\/wp-content\/uploads\/2020\/02\/20200214_140633.png\" width=\"221\" height=\"294\" ><\/a><\/div><div class=\"item\"><a href=\"#\" target=\"_self\"><img alt=\"\" src=\"https:\/\/www.schnitzen-beierfeld.de\/wp-content\/uploads\/2020\/02\/20200214_143647.png\" width=\"221\" height=\"294\" ><\/a><\/div><div class=\"item\"><a href=\"#\" target=\"_self\"><img alt=\"\" src=\"https:\/\/www.schnitzen-beierfeld.de\/wp-content\/uploads\/2020\/02\/20200214_143713.png\" width=\"221\" height=\"294\" ><\/a><\/div><div class=\"item\"><a href=\"#\" target=\"_self\"><img alt=\"\" src=\"https:\/\/www.schnitzen-beierfeld.de\/wp-content\/uploads\/2020\/02\/79918376_203511587349026_1859526748259614421_n.jpg\" width=\"221\" height=\"294\" ><\/a><\/div><div class=\"item\"><a href=\"#\" target=\"_self\"><img alt=\"\" src=\"https:\/\/www.schnitzen-beierfeld.de\/wp-content\/uploads\/2020\/02\/81216720_180921002981884_3541358902567671205_n.jpg\" width=\"221\" height=\"294\" ><\/a><\/div><div class=\"item\"><a href=\"#\" target=\"_self\"><img alt=\"\" src=\"https:\/\/www.schnitzen-beierfeld.de\/wp-content\/uploads\/2020\/02\/82690573_2478377869103309_4692198139897943810_n.jpg\" width=\"221\" height=\"294\" ><\/a><\/div><div class=\"item\"><a href=\"#\" target=\"_self\"><img alt=\"\" src=\"https:\/\/www.schnitzen-beierfeld.de\/wp-content\/uploads\/2020\/02\/81217262_174145860621015_5313768691699894385_n.jpg\" width=\"221\" height=\"294\" ><\/a><\/div><div class=\"item\"><a href=\"#\" target=\"_self\"><img alt=\"\" src=\"https:\/\/www.schnitzen-beierfeld.de\/wp-content\/uploads\/2020\/02\/83920576_227374871623786_7970994833540199946_n.jpg\" width=\"221\" height=\"296\" ><\/a><\/div><\/div><\/div>        \t<script type=\"text\/javascript\"> jQuery(document).ready(function () { jQuery(\"#image-owl-slider\").owlCarousel({\tnavigation: false,pagination: true,autoPlay: 3000,stopOnHover: true, items: 3,itemsDesktop: [1200,3],itemsTablet: [991,3],itemsMobile: [700,1],navigationText: [\"<i class='fa fa-angle-left'><\/i>\", \"<i class='fa fa-angle-right'><\/i>\"] }); }); <\/script>\n        \t<\/div><\/div><\/div><\/div><\/section><section id=\"geschichte\" class=\" no-padding-bottom\" ><div class=\"container-fluid\"><div class=\"row\"><div class=\"wpb_column vc_column_container col-xs-mobile-fullwidth text-center sm-no-margin xs-no-margin\" style=\" margin: -100px 0px 0px 0px;\"><div class=\"vc-column-innner-wrapper\"><h3 class=\"section-title  black-text no-padding-bottom\" >Unsere Geschichte<\/h3><\/div><\/div><\/div><\/div><\/section><section  ><div class=\"container\"><div class=\"row\"><div class=\"wpb_column vc_column_container col-lg-10 col-md-5 col-xs-mobile-fullwidth col-sm-10 text-center sm-text-center xs-text-center center-col sm-no-margin xs-no-margin\" style=\" margin: -140px 0px 0px 0px;\"><div class=\"vc-column-innner-wrapper\"><p>Die Holzschnitzerei hat eine lange Tradition im Erzgebirge.<br \/>\nUm diese zu pflegen und zu f\u00f6rdern gr\u00fcndeten 1930 f\u00fcnf junge M\u00e4nner den Berg- und Schnitzverein.<br \/>\nAnfangs traf man sich einmal w\u00f6chentlich in den Wohnungen der Mitglieder. Doch nach der ersten<br \/>\nAusstellung im Advent des gleichen Jahres wuchs der Verein so an, dass man gezwungen war, sich<br \/>\nnach geeigneten R\u00e4umen umzusehen.<\/p>\n<p>Im Jahr 1950 konnte das Schnitzerheim in der August-Bebel-Stra\u00dfe 73 (heute DRK Museum) bezogen werden.<br \/>\nVon Anfang an widmete sich der Verein der Tradition der Weihnachtsberge. Und so entstanden im Verlauf der Jahre verschiedene.<\/p>\n<p>Ab 1960 begannen die Mitglieder dann mit der Umsetzungen einer alten Idee.<br \/>\nEin Heimatberg, der den Ort um 1890 m\u00f6glichst getreu darstellt. Bereits drei Jahre sp\u00e4ter wurde er erstmals der \u00d6ffentlichkeit pr\u00e4sentiert.<br \/>\nUnd bis heute wird an ihm gearbeitet.<\/p>\n<p>Die Beierfelder Schnitzer schufen und schaffen weit mehr, so unter anderem die ca. sieben Meter hohe Ortspyramide, welche in der Adventszeit die Ortsmitte ziert.<\/p>\n<p>2007 zog der Verein in sein heutiges Domizil in der Pestalozzistra\u00dfe 10 (direkt neben dem Fritz-K\u00f6rner-Haus) um.<\/p>\n<p>Heute geh\u00f6ren dem Verein 18 Mitglieder an, die sich jeden Freitag im Vereinsheim treffen.<br \/>\nAb 18 Uhr kann jeder unter fachkundiger Anleitung dieses alte Handwerk erlernen und einfach zum Schnitzen, Kl\u00f6ppeln gem\u00fctlich Beisammensein.<\/p>\n<p>Interessenten sind jederzeit herzlich willkommen.<\/p>\n<\/div><\/div><\/div><\/div><\/section>","protected":false},"excerpt":{"rendered":"<p>Seit 193090 Jahre Berg- und Schnitzverein Beierfeld e. V.Die Holzschnitzerei hat eine lange Tradition im Erzgebirge. Um diese zu pflegen und zu f\u00f6rdern gr\u00fcndeten 1930 f\u00fcnf junge M\u00e4nner den Berg- und Schnitzverein. Tradition\u00a0 \u00a0 \u00a0 \/\u00a0\u00a0\u00a0\u00a0\u00a0 Verein\u00a0 \u00a0 \u00a0 \/\u00a0\u00a0\u00a0\u00a0\u00a0 Schnitzen\u00a0 \u00a0 \u00a0 \/\u00a0\u00a0\u00a0\u00a0\u00a0 Holzkunst\u00a0 \u00a0 \u00a0\/\u00a0\u00a0\u00a0\u00a0\u00a0Miteinander | Tradition\u00a0| Verein\u00a0| Schnitzen\u00a0|\u00a0Holzkunst\u00a0|\u00a0Miteinander | Aktuelles90 Jahre Schnitzverein [&hellip;]<\/p>\n","protected":false},"author":1,"featured_media":0,"parent":0,"menu_order":0,"comment_status":"closed","ping_status":"closed","template":"","meta":[],"aioseo_notices":[],"_links":{"self":[{"href":"https:\/\/www.schnitzen-beierfeld.de\/index.php\/wp-json\/wp\/v2\/pages\/16498"}],"collection":[{"href":"https:\/\/www.schnitzen-beierfeld.de\/index.php\/wp-json\/wp\/v2\/pages"}],"about":[{"href":"https:\/\/www.schnitzen-beierfeld.de\/index.php\/wp-json\/wp\/v2\/types\/page"}],"author":[{"embeddable":true,"href":"https:\/\/www.schnitzen-beierfeld.de\/index.php\/wp-json\/wp\/v2\/users\/1"}],"replies":[{"embeddable":true,"href":"https:\/\/www.schnitzen-beierfeld.de\/index.php\/wp-json\/wp\/v2\/comments?post=16498"}],"version-history":[{"count":37,"href":"https:\/\/www.schnitzen-beierfeld.de\/index.php\/wp-json\/wp\/v2\/pages\/16498\/revisions"}],"predecessor-version":[{"id":16599,"href":"https:\/\/www.schnitzen-beierfeld.de\/index.php\/wp-json\/wp\/v2\/pages\/16498\/revisions\/16599"}],"wp:attachment":[{"href":"https:\/\/www.schnitzen-beierfeld.de\/index.php\/wp-json\/wp\/v2\/media?parent=16498"}],"curies":[{"name":"wp","href":"https:\/\/api.w.org\/{rel}","templated":true}]}}